{"id":172,"date":"2019-02-28T07:29:34","date_gmt":"2019-02-28T07:29:34","guid":{"rendered":"http:\/\/neu.salonleonardo.de\/?page_id=172"},"modified":"2025-12-08T08:38:57","modified_gmt":"2025-12-08T08:38:57","slug":"der-wartebereich","status":"publish","type":"page","link":"http:\/\/neu.salonleonardo.de\/?page_id=172","title":{"rendered":"Der Wartebereich"},"content":{"rendered":"\n<p>Die Entspannung beginnt bereits im Wartebereich<\/p>\n\n\n\n<p>Neben einem breitem Spektrum aktueller Lekt\u00fcre und diversen Erfrischungsgetr\u00e4nken, k\u00f6nnen Sie sich Ihre Wartezeit mit einer R\u00fcckenmassage in unserem neuen Massage-Sessel verk\u00fcrzen.<br>Selbstverst\u00e4ndlich sind wir durch eine gewissenhafte Terminplanung stets bem\u00fcht, ihre Wartezeiten so gering wie irgend m\u00f6glich zu halten.  <br><\/p>\n\n\n\n<figure class=\"wp-block-image is-resized\"><img loading=\"lazy\" decoding=\"async\" src=\"http:\/\/neu.salonleonardo.de\/wp-content\/uploads\/2019\/03\/DSC9369-1024x683.jpg\" alt=\"\" class=\"wp-image-239\" width=\"1024\" height=\"683\" srcset=\"http:\/\/neu.salonleonardo.de\/wp-content\/uploads\/2019\/03\/DSC9369-1024x683.jpg 1024w, http:\/\/neu.salonleonardo.de\/wp-content\/uploads\/2019\/03\/DSC9369-300x200.jpg 300w, http:\/\/neu.salonleonardo.de\/wp-content\/uploads\/2019\/03\/DSC9369-768x513.jpg 768w\" sizes=\"auto, (max-width: 767px) 89vw, (max-width: 1000px) 54vw, (max-width: 1071px) 543px, 580px\" \/><\/figure>\n\n\n\n<figure class=\"wp-block-gallery columns-0 is-cropped wp-block-gallery-1 is-layout-flex wp-block-gallery-is-layout-flex\"><ul class=\"blocks-gallery-grid\"><li class=\"blocks-gallery-item\"><figure><img loading=\"lazy\" decoding=\"async\" width=\"1024\" height=\"683\" src=\"http:\/\/neu.salonleonardo.de\/wp-content\/uploads\/2019\/03\/DSC9368-1024x683.jpg\" alt=\"\" data-id=\"238\" data-link=\"http:\/\/neu.salonleonardo.de\/?attachment_id=238\" class=\"wp-image-238\" srcset=\"http:\/\/neu.salonleonardo.de\/wp-content\/uploads\/2019\/03\/DSC9368-1024x683.jpg 1024w, http:\/\/neu.salonleonardo.de\/wp-content\/uploads\/2019\/03\/DSC9368-300x200.jpg 300w, http:\/\/neu.salonleonardo.de\/wp-content\/uploads\/2019\/03\/DSC9368-768x513.jpg 768w\" sizes=\"auto, (max-width: 767px) 89vw, (max-width: 1000px) 54vw, (max-width: 1071px) 543px, 580px\" \/><\/figure><\/li><li class=\"blocks-gallery-item\"><figure><img loading=\"lazy\" decoding=\"async\" width=\"1024\" height=\"683\" src=\"http:\/\/neu.salonleonardo.de\/wp-content\/uploads\/2019\/03\/DSC9362-1024x683.jpg\" alt=\"\" data-id=\"234\" data-link=\"http:\/\/neu.salonleonardo.de\/?attachment_id=234\" class=\"wp-image-234\" srcset=\"http:\/\/neu.salonleonardo.de\/wp-content\/uploads\/2019\/03\/DSC9362-1024x683.jpg 1024w, http:\/\/neu.salonleonardo.de\/wp-content\/uploads\/2019\/03\/DSC9362-300x200.jpg 300w, http:\/\/neu.salonleonardo.de\/wp-content\/uploads\/2019\/03\/DSC9362-768x513.jpg 768w\" sizes=\"auto, (max-width: 767px) 89vw, (max-width: 1000px) 54vw, (max-width: 1071px) 543px, 580px\" \/><\/figure><\/li><li class=\"blocks-gallery-item\"><figure><img loading=\"lazy\" decoding=\"async\" width=\"1024\" height=\"683\" src=\"http:\/\/neu.salonleonardo.de\/wp-content\/uploads\/2019\/03\/DSC9371-1024x683.jpg\" alt=\"\" data-id=\"240\" data-link=\"http:\/\/neu.salonleonardo.de\/?attachment_id=240\" class=\"wp-image-240\" srcset=\"http:\/\/neu.salonleonardo.de\/wp-content\/uploads\/2019\/03\/DSC9371-1024x683.jpg 1024w, http:\/\/neu.salonleonardo.de\/wp-content\/uploads\/2019\/03\/DSC9371-300x200.jpg 300w, http:\/\/neu.salonleonardo.de\/wp-content\/uploads\/2019\/03\/DSC9371-768x513.jpg 768w\" sizes=\"auto, (max-width: 767px) 89vw, (max-width: 1000px) 54vw, (max-width: 1071px) 543px, 580px\" \/><\/figure><\/li><li class=\"blocks-gallery-item\"><figure><img loading=\"lazy\" decoding=\"async\" width=\"1024\" height=\"683\" src=\"http:\/\/neu.salonleonardo.de\/wp-content\/uploads\/2019\/03\/DSC9372-1024x683.jpg\" alt=\"\" data-id=\"241\" data-link=\"http:\/\/neu.salonleonardo.de\/?attachment_id=241\" class=\"wp-image-241\" srcset=\"http:\/\/neu.salonleonardo.de\/wp-content\/uploads\/2019\/03\/DSC9372-1024x683.jpg 1024w, http:\/\/neu.salonleonardo.de\/wp-content\/uploads\/2019\/03\/DSC9372-300x200.jpg 300w, http:\/\/neu.salonleonardo.de\/wp-content\/uploads\/2019\/03\/DSC9372-768x513.jpg 768w\" sizes=\"auto, (max-width: 767px) 89vw, (max-width: 1000px) 54vw, (max-width: 1071px) 543px, 580px\" \/><\/figure><\/li><\/ul><\/figure>\n\n\n\n<div class=\"wp-block-columns is-layout-flex wp-container-core-columns-is-layout-9d6595d7 wp-block-columns-is-layout-flex\">\n<div class=\"wp-block-column is-layout-flow wp-block-column-is-layout-flow\" style=\"flex-basis:100%\"><\/div>\n<\/div>\n\n\n\n<p><\/p>\n","protected":false},"excerpt":{"rendered":"<p>Die Entspannung beginnt bereits im Wartebereich Neben einem breitem Spektrum aktueller Lekt\u00fcre und diversen Erfrischungsgetr\u00e4nken, k\u00f6nnen Sie sich Ihre Wartezeit mit einer R\u00fcckenmassage in unserem neuen Massage-Sessel verk\u00fcrzen.Selbstverst\u00e4ndlich sind wir durch eine gewissenhafte Terminplanung stets bem\u00fcht, ihre Wartezeiten so gering wie irgend m\u00f6glich zu halten.<\/p>\n","protected":false},"author":1,"featured_media":0,"parent":10,"menu_order":2,"comment_status":"closed","ping_status":"closed","template":"","meta":{"footnotes":""},"class_list":["post-172","page","type-page","status-publish","hentry"],"_links":{"self":[{"href":"http:\/\/neu.salonleonardo.de\/index.php?rest_route=\/wp\/v2\/pages\/172","targetHints":{"allow":["GET"]}}],"collection":[{"href":"http:\/\/neu.salonleonardo.de\/index.php?rest_route=\/wp\/v2\/pages"}],"about":[{"href":"http:\/\/neu.salonleonardo.de\/index.php?rest_route=\/wp\/v2\/types\/page"}],"author":[{"embeddable":true,"href":"http:\/\/neu.salonleonardo.de\/index.php?rest_route=\/wp\/v2\/users\/1"}],"replies":[{"embeddable":true,"href":"http:\/\/neu.salonleonardo.de\/index.php?rest_route=%2Fwp%2Fv2%2Fcomments&post=172"}],"version-history":[{"count":9,"href":"http:\/\/neu.salonleonardo.de\/index.php?rest_route=\/wp\/v2\/pages\/172\/revisions"}],"predecessor-version":[{"id":519,"href":"http:\/\/neu.salonleonardo.de\/index.php?rest_route=\/wp\/v2\/pages\/172\/revisions\/519"}],"up":[{"embeddable":true,"href":"http:\/\/neu.salonleonardo.de\/index.php?rest_route=\/wp\/v2\/pages\/10"}],"wp:attachment":[{"href":"http:\/\/neu.salonleonardo.de\/index.php?rest_route=%2Fwp%2Fv2%2Fmedia&parent=172"}],"curies":[{"name":"wp","href":"https:\/\/api.w.org\/{rel}","templated":true}]}}