{"id":191,"date":"2019-03-04T11:49:03","date_gmt":"2019-03-04T11:49:03","guid":{"rendered":"http:\/\/neu.salonleonardo.de\/?page_id=191"},"modified":"2025-12-21T15:47:57","modified_gmt":"2025-12-21T15:47:57","slug":"gutscheine-zum-verschenken","status":"publish","type":"page","link":"http:\/\/neu.salonleonardo.de\/?page_id=191","title":{"rendered":"Gutscheine zum Verschenken"},"content":{"rendered":"\n<p class=\"has-drop-cap\">SSchon einmal daran gedacht, Wohlbefinden und Gesundheit f\u00fcr die F\u00fc\u00dfe zu verschenken?<br>Alle Fu\u00dfpflege-Pakete sowie Wertgutscheine sind auch als Geschenkgutschein erh\u00e4ltlich.<br>Einfach anrufen und einen hochwertigen Gutschein inklusive Kuvert sichern.<br>Die Gutscheine sind ausschlie\u00dflich pers\u00f6nlich vor Ort erh\u00e4ltlich.<\/p>\n\n\n\n<figure class=\"wp-block-image is-resized\"><img loading=\"lazy\" decoding=\"async\" src=\"http:\/\/neu.salonleonardo.de\/wp-content\/uploads\/2019\/03\/Gutschein.jpg\" alt=\"\" class=\"wp-image-210\" width=\"408\" height=\"408\" srcset=\"http:\/\/neu.salonleonardo.de\/wp-content\/uploads\/2019\/03\/Gutschein.jpg 816w, http:\/\/neu.salonleonardo.de\/wp-content\/uploads\/2019\/03\/Gutschein-150x150.jpg 150w, http:\/\/neu.salonleonardo.de\/wp-content\/uploads\/2019\/03\/Gutschein-300x300.jpg 300w, http:\/\/neu.salonleonardo.de\/wp-content\/uploads\/2019\/03\/Gutschein-768x767.jpg 768w, http:\/\/neu.salonleonardo.de\/wp-content\/uploads\/2019\/03\/Gutschein-100x100.jpg 100w\" sizes=\"auto, (max-width: 408px) 100vw, 408px\" \/><\/figure>\n\n\n\n<p class=\"has-small-font-size\">Hinweis:<br>Soweit nicht gesondert vermerkt, entspricht das Rechnungsdatum dem Liefer-\/Leistungsdatum. <br>F\u00fcr Gutscheine ist keine R\u00fcckerstattung m\u00f6glich.<\/p>\n","protected":false},"excerpt":{"rendered":"<p>SSchon einmal daran gedacht, Wohlbefinden und Gesundheit f\u00fcr die F\u00fc\u00dfe zu verschenken?Alle Fu\u00dfpflege-Pakete sowie Wertgutscheine sind auch als Geschenkgutschein erh\u00e4ltlich.Einfach anrufen und einen hochwertigen Gutschein inklusive Kuvert sichern.Die Gutscheine sind ausschlie\u00dflich pers\u00f6nlich vor Ort erh\u00e4ltlich. Hinweis:Soweit nicht gesondert vermerkt, entspricht das Rechnungsdatum dem Liefer-\/Leistungsdatum. F\u00fcr Gutscheine ist keine R\u00fcckerstattung m\u00f6glich.<\/p>\n","protected":false},"author":1,"featured_media":0,"parent":0,"menu_order":0,"comment_status":"closed","ping_status":"closed","template":"","meta":{"footnotes":""},"class_list":["post-191","page","type-page","status-publish","hentry"],"_links":{"self":[{"href":"http:\/\/neu.salonleonardo.de\/index.php?rest_route=\/wp\/v2\/pages\/191","targetHints":{"allow":["GET"]}}],"collection":[{"href":"http:\/\/neu.salonleonardo.de\/index.php?rest_route=\/wp\/v2\/pages"}],"about":[{"href":"http:\/\/neu.salonleonardo.de\/index.php?rest_route=\/wp\/v2\/types\/page"}],"author":[{"embeddable":true,"href":"http:\/\/neu.salonleonardo.de\/index.php?rest_route=\/wp\/v2\/users\/1"}],"replies":[{"embeddable":true,"href":"http:\/\/neu.salonleonardo.de\/index.php?rest_route=%2Fwp%2Fv2%2Fcomments&post=191"}],"version-history":[{"count":14,"href":"http:\/\/neu.salonleonardo.de\/index.php?rest_route=\/wp\/v2\/pages\/191\/revisions"}],"predecessor-version":[{"id":592,"href":"http:\/\/neu.salonleonardo.de\/index.php?rest_route=\/wp\/v2\/pages\/191\/revisions\/592"}],"wp:attachment":[{"href":"http:\/\/neu.salonleonardo.de\/index.php?rest_route=%2Fwp%2Fv2%2Fmedia&parent=191"}],"curies":[{"name":"wp","href":"https:\/\/api.w.org\/{rel}","templated":true}]}}