{"id":8,"date":"2019-02-27T09:03:01","date_gmt":"2019-02-27T09:03:01","guid":{"rendered":"http:\/\/neu.salonleonardo.de\/?page_id=8"},"modified":"2025-12-21T15:49:43","modified_gmt":"2025-12-21T15:49:43","slug":"service-und-preise","status":"publish","type":"page","link":"http:\/\/neu.salonleonardo.de\/?page_id=8","title":{"rendered":"Service und Preise"},"content":{"rendered":"\n<p><strong>Der Salon Leonardo<\/strong> bietet sowohl klassische Fu\u00dfpflege-Behandlungen als auch wohltuende Wellness-Pakete an.<br>Hier eine kurze \u00dcbersicht unseres Angebots:<\/p>\n\n\n\n<h4 class=\"wp-block-heading\" style=\"line-height:0\"><strong><a href=\"http:\/\/neu.salonleonardo.de\/?page_id=188\" data-type=\"page\" data-id=\"188\">Behandlungs-Pakete f\u00fcr Erwachsene<\/a><\/strong><\/h4>\n\n\n\n<h4 class=\"wp-block-heading\" style=\"line-height:0\"><strong><a href=\"http:\/\/neu.salonleonardo.de\/?page_id=566\" data-type=\"page\" data-id=\"566\">Fu\u00dfpflege f\u00fcr Kinder<\/a><\/strong><\/h4>\n\n\n\n<h4 class=\"wp-block-heading\" style=\"line-height:0\"><strong><a href=\"http:\/\/neu.salonleonardo.de\/?page_id=189\" data-type=\"page\" data-id=\"189\">Wellness-Pakete<\/a><\/strong><\/h4>\n\n\n\n<h4 class=\"wp-block-heading\" style=\"line-height:0\"><strong><a href=\"http:\/\/neu.salonleonardo.de\/?page_id=191\" data-type=\"page\" data-id=\"191\">Gutscheine zum Verschenken<\/a><\/strong><\/h4>\n\n\n\n<p><\/p>\n\n\n\n<p><br><strong>Bitte beachten Sie:<\/strong> Aktuell ist die Bezahlung ausschlie\u00dflich <strong>in bar<\/strong> m\u00f6glich.<\/p>\n","protected":false},"excerpt":{"rendered":"<p>Der Salon Leonardo bietet sowohl klassische Fu\u00dfpflege-Behandlungen als auch wohltuende Wellness-Pakete an.Hier eine kurze \u00dcbersicht unseres Angebots: Behandlungs-Pakete f\u00fcr Erwachsene Fu\u00dfpflege f\u00fcr Kinder Wellness-Pakete Gutscheine zum Verschenken Bitte beachten Sie: Aktuell ist die Bezahlung ausschlie\u00dflich in bar m\u00f6glich.<\/p>\n","protected":false},"author":1,"featured_media":0,"parent":2,"menu_order":0,"comment_status":"closed","ping_status":"closed","template":"","meta":{"footnotes":""},"class_list":["post-8","page","type-page","status-publish","hentry"],"_links":{"self":[{"href":"http:\/\/neu.salonleonardo.de\/index.php?rest_route=\/wp\/v2\/pages\/8","targetHints":{"allow":["GET"]}}],"collection":[{"href":"http:\/\/neu.salonleonardo.de\/index.php?rest_route=\/wp\/v2\/pages"}],"about":[{"href":"http:\/\/neu.salonleonardo.de\/index.php?rest_route=\/wp\/v2\/types\/page"}],"author":[{"embeddable":true,"href":"http:\/\/neu.salonleonardo.de\/index.php?rest_route=\/wp\/v2\/users\/1"}],"replies":[{"embeddable":true,"href":"http:\/\/neu.salonleonardo.de\/index.php?rest_route=%2Fwp%2Fv2%2Fcomments&post=8"}],"version-history":[{"count":22,"href":"http:\/\/neu.salonleonardo.de\/index.php?rest_route=\/wp\/v2\/pages\/8\/revisions"}],"predecessor-version":[{"id":594,"href":"http:\/\/neu.salonleonardo.de\/index.php?rest_route=\/wp\/v2\/pages\/8\/revisions\/594"}],"up":[{"embeddable":true,"href":"http:\/\/neu.salonleonardo.de\/index.php?rest_route=\/wp\/v2\/pages\/2"}],"wp:attachment":[{"href":"http:\/\/neu.salonleonardo.de\/index.php?rest_route=%2Fwp%2Fv2%2Fmedia&parent=8"}],"curies":[{"name":"wp","href":"https:\/\/api.w.org\/{rel}","templated":true}]}}